{"id":1025,"date":"2015-11-13T19:52:28","date_gmt":"2015-11-13T18:52:28","guid":{"rendered":"http:\/\/cofradiaslugo.com\/?page_id=1025"},"modified":"2015-11-16T12:48:33","modified_gmt":"2015-11-16T11:48:33","slug":"labor-da-federacion","status":"publish","type":"page","link":"https:\/\/cofradiaslugo.com\/es\/labor-da-federacion\/","title":{"rendered":"labor de la federaci\u00f3n"},"content":{"rendered":"<p><\/p>\n<div style=\"float: left; width: 50%;\">\n<font face=\"Tuffy\" size=5>&nbsp;<br \/>\nLa Federaci\u00f3n Provincial<\/font><font face=\"Tuffy\" size=4> gestiona y coordina los intereses comunes de las seis cofraf\u00edas de pescadores de Lugo, destacando principalmente el trabajo de divulgaci\u00f3n de los \u00faltimos a\u00f1os a trav\u00e9s de las campa\u00f1as promocionales<\/font><font face=\"Tuffy\" size=5> \u00bbMar de Lugo\u00bb<\/font><font face=\"Tuffy\" size=4> en las que se hace una promoci\u00f3n de la pesca artesanal buscando distinguir un produto de primera calidad y los m\u00e9todos de trabajo tradicionales que desenvuelven  nuestros trabajadores. Esta campa\u00f1a cont\u00f3 con m\u00e1s de 100.000 impactos teniendo en cuenta diversas publicaciones en la prensa general (Voz de Galicia y El Progreso), en las webs, y la distribuci\u00f3n de material impreso remitido directamente a todos los colegios y bibliotecas de la provincia.<br \/>\n&nbsp;<br \/>\n&nbsp;<br \/>\nDe las principales acciones realizadas en los \u00faltimos a\u00f1os, destacan:<\/p>\n<p><\/font><\/p>\n<\/div>\n<div style=\"float: right; width: 45%;\">\n<div id=\"metaslider-id-1484\" style=\"max-width: 900px;\" class=\"ml-slider-3-107-0 metaslider metaslider-flex metaslider-1484 ml-slider has-dots-nav ms-theme-default\" role=\"region\" aria-label=\"Expomar\" data-height=\"600\" data-width=\"900\">\n    <div id=\"metaslider_container_1484\">\n        <div id=\"metaslider_1484\">\n            <ul class='slides'>\n                <li style=\"display: block; width: 100%;\" class=\"slide-1517 ms-image \" aria-roledescription=\"slide\" data-date=\"2015-11-15 17:46:54\" data-filename=\"EXPOMAR15_340_stands.jpg\" data-slide-type=\"image\"><img loading=\"lazy\" decoding=\"async\" src=\"https:\/\/cofradiaslugo.com\/wp-content\/uploads\/EXPOMAR15_340_stands.jpg\" height=\"600\" width=\"900\" alt=\"\" class=\"slider-1484 slide-1517 msDefaultImage\" \/><\/li>\n                <li style=\"display: none; width: 100%;\" class=\"slide-1516 ms-image \" aria-roledescription=\"slide\" data-date=\"2015-11-15 17:46:52\" data-filename=\"EXPOMAR15_339_stands.jpg\" data-slide-type=\"image\"><img loading=\"lazy\" decoding=\"async\" src=\"https:\/\/cofradiaslugo.com\/wp-content\/uploads\/EXPOMAR15_339_stands.jpg\" height=\"600\" width=\"900\" alt=\"\" class=\"slider-1484 slide-1516 msDefaultImage\" \/><\/li>\n                <li style=\"display: none; width: 100%;\" class=\"slide-1515 ms-image \" aria-roledescription=\"slide\" data-date=\"2015-11-15 17:46:51\" data-filename=\"EXPOMAR15_334_stands.jpg\" data-slide-type=\"image\"><img loading=\"lazy\" decoding=\"async\" src=\"https:\/\/cofradiaslugo.com\/wp-content\/uploads\/EXPOMAR15_334_stands.jpg\" height=\"600\" width=\"900\" alt=\"\" class=\"slider-1484 slide-1515 msDefaultImage\" \/><\/li>\n                <li style=\"display: none; width: 100%;\" class=\"slide-1514 ms-image \" aria-roledescription=\"slide\" data-date=\"2015-11-15 17:46:49\" data-filename=\"EXPOMAR15_342_stands.jpg\" data-slide-type=\"image\"><img loading=\"lazy\" decoding=\"async\" src=\"https:\/\/cofradiaslugo.com\/wp-content\/uploads\/EXPOMAR15_342_stands.jpg\" height=\"600\" width=\"900\" alt=\"\" class=\"slider-1484 slide-1514 msDefaultImage\" \/><\/li>\n            <\/ul>\n        <\/div>\n        \n    <\/div>\n<\/div>\n<\/div>\n<div style=\"float: left; width: 90%;\">\n<font face=\"Tuffy\" size=4><br \/>\n&nbsp;&nbsp;&nbsp;&nbsp;&#8211;<b>Informes de varios temas<\/b> para la Xunta de Galicia: repercusi\u00f3n del encarecimiento del precio del combustible en la flota pesquera, los sistemas tradicionales de retribuci\u00f3n en la pesca, ejecuci\u00f3n del plan de Portos de Galicia en Lugo, estudio de necesidades de infraestruturas, \u2026 <\/p>\n<p>&nbsp;&nbsp;&nbsp;&nbsp;-Trabajos para la <b>mejora del medio marino<\/b>. A partir del accidente del Prestige  se colaboro con un grupo de investigadores de la Universidad de A Coru\u00f1a para elaborar un plan de asistencia y de recogida de primeros resultados. Otra acci\u00f3n fue un estudio de educaci\u00f3n ambiental sobre el medio marino de Lugo que finaliz\u00f3 con una exposici\u00f3n itinerante por las cofrad\u00edas.<\/p>\n<p>&nbsp;&nbsp;&nbsp;&nbsp;&#8211;<b>Divulgaci\u00f3n socio-cultural y promoci\u00f3n conjunta<\/b>. Se realizaron diversos trabajos audiovisuales con folletos, web, exposiciones itinerantes por colegios de la provincia en el que pretendemos concienciar del papel de las cofrad\u00edas en la sociedad explicando el trabajo en el mar, los oficios y artes da pesca, las ferias gastron\u00f3micas, y la influencia del mar en la cultura local. Tambi\u00e9n destacar la activa participaci\u00f3n en la feria Expomar, contando con stand para promocionar el sector Pesquero. <\/p>\n<p>&nbsp;&nbsp;&nbsp;&nbsp;&#8211;<b>Mejora de la seguridad<\/b> en la pesca. Se formalizaron varios a\u00f1os convenios con SASEMAR (Sociedad de Salvamento y Seguridad Mar\u00edtima) para las ayudas a la flota pesquera en la adquisici\u00f3n de radiobalizas, chalecos salvavidas y goni\u00f3metros, gestionando m\u00e1s de 143 solicitudes con un valor superior a 107.000 euros. Se realizaron tambi\u00e9n otras acciones en colaboraci\u00f3n con el ISSGA (Instituto Galego de Seguridade e Sa\u00fade Laboral) como la publicaci\u00f3n de gu\u00edas de prevenci\u00f3n de riesgos y diversas jornadas t\u00e9cnicas.<\/p>\n<p>&nbsp;&nbsp;&nbsp;&nbsp;&#8211;<b>Mejoras tecnol\u00f3gicas<\/b> como la formalizaci\u00f3n de convenios con el Ministerio de Pesca para la gesti\u00f3n de ayudas a buques de m\u00e1s de 15 m de eslora de los equipos de localizaci\u00f3n v\u00eda sat\u00e9lite (cajas azules) en las que dotamos este equipamiento a 17 buques con ayudas superiores a 50.000 euros.<br \/>\n<\/font>\n<\/div>\n<p><\/p>","protected":false},"excerpt":{"rendered":"<p>&nbsp; La Federaci\u00f3n Provincial gestiona y coordina los intereses comunes de las seis cofraf\u00edas de pescadores de Lugo, destacando principalmente el trabajo de divulgaci\u00f3n de los \u00faltimos a\u00f1os a trav\u00e9s de las campa\u00f1as promocionales \u00bbMar de Lugo\u00bb en las que se hace una promoci\u00f3n de la pesca artesanal buscando distinguir un produto de primera calidad [&hellip;]<\/p>\n","protected":false},"author":2,"featured_media":0,"parent":0,"menu_order":0,"comment_status":"closed","ping_status":"closed","template":"template-full-width.php","meta":{"footnotes":""},"class_list":["post-1025","page","type-page","status-publish","hentry"],"_links":{"self":[{"href":"https:\/\/cofradiaslugo.com\/es\/wp-json\/wp\/v2\/pages\/1025","targetHints":{"allow":["GET"]}}],"collection":[{"href":"https:\/\/cofradiaslugo.com\/es\/wp-json\/wp\/v2\/pages"}],"about":[{"href":"https:\/\/cofradiaslugo.com\/es\/wp-json\/wp\/v2\/types\/page"}],"author":[{"embeddable":true,"href":"https:\/\/cofradiaslugo.com\/es\/wp-json\/wp\/v2\/users\/2"}],"replies":[{"embeddable":true,"href":"https:\/\/cofradiaslugo.com\/es\/wp-json\/wp\/v2\/comments?post=1025"}],"version-history":[{"count":45,"href":"https:\/\/cofradiaslugo.com\/es\/wp-json\/wp\/v2\/pages\/1025\/revisions"}],"predecessor-version":[{"id":1723,"href":"https:\/\/cofradiaslugo.com\/es\/wp-json\/wp\/v2\/pages\/1025\/revisions\/1723"}],"wp:attachment":[{"href":"https:\/\/cofradiaslugo.com\/es\/wp-json\/wp\/v2\/media?parent=1025"}],"curies":[{"name":"wp","href":"https:\/\/api.w.org\/{rel}","templated":true}]}}