{"id":5047,"date":"2022-06-13T21:51:52","date_gmt":"2022-06-13T20:51:52","guid":{"rendered":"http:\/\/cofradiaslugo.com\/?page_id=5047"},"modified":"2022-06-13T22:19:56","modified_gmt":"2022-06-13T21:19:56","slug":"perfil-do-contratante","status":"publish","type":"page","link":"https:\/\/cofradiaslugo.com\/es\/perfil-do-contratante\/","title":{"rendered":"perfil de contratante"},"content":{"rendered":"<p><\/p>\n<ol>\n<li>PLIEGO DE CONDICIONES T\u00c9CNICAS PARA EL CONCURSO P\u00daBLICO<\/li>\n<li>PLIEGO DE CONDICIONES ADMINISTRATIVAS PARA EL CONCURSO P\u00daBLICO<\/li>\n<\/ol>\n<p>&nbsp;<\/p>\n<p>[gview file=\u00bbhttp:\/\/cofradiaslugo.com\/wp-content\/uploads\/PREGO-CONDICI\u00d3NS-T\u00c9CNICAS.pdf\u00bb] [gview file=\u00bbhttp:\/\/cofradiaslugo.com\/wp-content\/uploads\/Prego-condici\u00f3ns-adninistrativas.pdf\u00bb]<\/p>","protected":false},"excerpt":{"rendered":"<p>PLIEGO DE CONDICIONES T\u00c9CNICAS PARA EL CONCURSO P\u00daBLICO PLIEGO DE CONDICIONES ADMINISTRATIVAS PARA EL CONCURSO P\u00daBLICO &nbsp; [gview file=\u00bbhttp:\/\/cofradiaslugo.com\/wp-content\/uploads\/PREGO-CONDICI\u00d3NS-T\u00c9CNICAS.pdf\u00bb] [gview file=\u00bbhttp:\/\/cofradiaslugo.com\/wp-content\/uploads\/Prego-condici\u00f3ns-adninistrativas.pdf\u00bb]<\/p>\n","protected":false},"author":2,"featured_media":0,"parent":0,"menu_order":0,"comment_status":"closed","ping_status":"closed","template":"","meta":{"footnotes":""},"class_list":["post-5047","page","type-page","status-publish","hentry"],"_links":{"self":[{"href":"https:\/\/cofradiaslugo.com\/es\/wp-json\/wp\/v2\/pages\/5047","targetHints":{"allow":["GET"]}}],"collection":[{"href":"https:\/\/cofradiaslugo.com\/es\/wp-json\/wp\/v2\/pages"}],"about":[{"href":"https:\/\/cofradiaslugo.com\/es\/wp-json\/wp\/v2\/types\/page"}],"author":[{"embeddable":true,"href":"https:\/\/cofradiaslugo.com\/es\/wp-json\/wp\/v2\/users\/2"}],"replies":[{"embeddable":true,"href":"https:\/\/cofradiaslugo.com\/es\/wp-json\/wp\/v2\/comments?post=5047"}],"version-history":[{"count":9,"href":"https:\/\/cofradiaslugo.com\/es\/wp-json\/wp\/v2\/pages\/5047\/revisions"}],"predecessor-version":[{"id":5060,"href":"https:\/\/cofradiaslugo.com\/es\/wp-json\/wp\/v2\/pages\/5047\/revisions\/5060"}],"wp:attachment":[{"href":"https:\/\/cofradiaslugo.com\/es\/wp-json\/wp\/v2\/media?parent=5047"}],"curies":[{"name":"wp","href":"https:\/\/api.w.org\/{rel}","templated":true}]}}