{"id":3831,"date":"2018-10-02T08:59:15","date_gmt":"2018-10-02T07:59:15","guid":{"rendered":"http:\/\/cofradiaslugo.com\/?page_id=3831"},"modified":"2018-10-11T19:29:36","modified_gmt":"2018-10-11T18:29:36","slug":"congreso-de-pesca-artesanal-2018","status":"publish","type":"page","link":"https:\/\/cofradiaslugo.com\/gl\/congreso-de-pesca-artesanal-2018\/","title":{"rendered":"congreso de pesca artesanal 2018"},"content":{"rendered":"<div style=\"float: left; width: 45%;\">\n<span style=\"font-family: Tuffy; font-size: large;\">La ciudad de Viveiro (Lugo) acogi\u00f3 esta semana la cuarta Interfederativa de Cofrad\u00edas de Pescadores del Cant\u00e1brico Noroeste para reflexionar sobre temas de inter\u00e9s de las flotas artesanales, analizar su situaci\u00f3n actual y los principales retos de futuro. <\/p>\n<p>El encuentro, que tuvo lugar en el Hotel Thalasso Cant\u00e1brico durante el jueves 4 y el viernes 5 de octubre, volvi\u00f3 a estar impulsado por la Federaci\u00f3n Provincial de Cofrad\u00edas de Pescadores de Lugo, y en \u00e9l participaron representantes de las Federaciones de Cofrad\u00edas de Guip\u00fazkoa, Cantabria, Asturias, Lugo, A Coru\u00f1a y Pontevedra, as\u00ed como la Federaci\u00f3n Gallega de Cofrad\u00edas.<\/p>\n<p>Durante la reuni\u00f3n Interfederativa de Cofrad\u00edas del Cant\u00e1brico Noroeste, celebrada en la tarde del jueves, los representantes de los p\u00f3sitos consensuaron una serie de temas que sirvieron como documento de trabajo en la reuni\u00f3n que el viernes por la ma\u00f1ana mantuvo el sector pesquero artesanal con las administraciones central y auton\u00f3micas.<\/p>\n<p>Los representantes de las cofrad\u00edas analizaron las principales conclusiones alcanzadas tras el congreso del a\u00f1o pasado, en las que se hac\u00eda hincapi\u00e9 de nuevo en el RD por el que se regulan las Organizaciones Profesionales del sector de la Pesca y los planes de producci\u00f3n y comercializaci\u00f3n; en las sanciones del Fondo Europeo Mar\u00edtimo de Pesca; y en la situaci\u00f3n de determinadas pesquer\u00edas, como raya, verdel, sardina, at\u00fan rojo y blanco, pel\u00e1gicos, descartes, arrastre portugu\u00e9s y gescuotas. Este a\u00f1o se a\u00f1adieron nuevos temas de inter\u00e9s com\u00fan para el sector, como los descartes, las medidas t\u00e9cnicas, el reglamento de control o el plan de gesti\u00f3n del cant\u00e1brico-noroeste.<br \/>\n<\/span><\/div>\n<div style=\"float: right; width: 50%;\">\n<div id=\"metaslider-id-3036\" style=\"max-width: 900px;\" class=\"ml-slider-3-107-0 metaslider metaslider-flex metaslider-3036 ml-slider has-dots-nav ms-theme-default\" role=\"region\" aria-label=\"Congreso 2018\" data-height=\"600\" data-width=\"900\">\n    <div id=\"metaslider_container_3036\">\n        <div id=\"metaslider_3036\">\n            <ul class='slides'>\n                <li style=\"display: block; width: 100%;\" class=\"slide-3953 ms-image \" aria-roledescription=\"slide\" data-date=\"2018-10-08 08:59:18\" data-filename=\"INTERFED_181005_038-900x600.jpg\" data-slide-type=\"image\"><img loading=\"lazy\" decoding=\"async\" src=\"https:\/\/cofradiaslugo.com\/wp-content\/uploads\/INTERFED_181005_038-900x600.jpg\" height=\"600\" width=\"900\" alt=\"\" class=\"slider-3036 slide-3953 msDefaultImage\" title=\"INTERFED_181005_038\" \/><\/li>\n                <li style=\"display: none; width: 100%;\" class=\"slide-3954 ms-image \" aria-roledescription=\"slide\" data-date=\"2018-10-08 08:59:18\" data-filename=\"INTERFED_181005_042-900x600.jpg\" data-slide-type=\"image\"><img loading=\"lazy\" decoding=\"async\" src=\"https:\/\/cofradiaslugo.com\/wp-content\/uploads\/INTERFED_181005_042-900x600.jpg\" height=\"600\" width=\"900\" alt=\"\" class=\"slider-3036 slide-3954 msDefaultImage\" title=\"INTERFED_181005_042\" \/><\/li>\n                <li style=\"display: none; width: 100%;\" class=\"slide-3955 ms-image \" aria-roledescription=\"slide\" data-date=\"2018-10-08 08:59:18\" data-filename=\"INTERFED_181005_045-900x600.jpg\" data-slide-type=\"image\"><img loading=\"lazy\" decoding=\"async\" src=\"https:\/\/cofradiaslugo.com\/wp-content\/uploads\/INTERFED_181005_045-900x600.jpg\" height=\"600\" width=\"900\" alt=\"\" class=\"slider-3036 slide-3955 msDefaultImage\" title=\"INTERFED_181005_045\" \/><\/li>\n                <li style=\"display: none; width: 100%;\" class=\"slide-3956 ms-image \" aria-roledescription=\"slide\" data-date=\"2018-10-08 08:59:18\" data-filename=\"INTERFED_181005_050-900x600.jpg\" data-slide-type=\"image\"><img loading=\"lazy\" decoding=\"async\" src=\"https:\/\/cofradiaslugo.com\/wp-content\/uploads\/INTERFED_181005_050-900x600.jpg\" height=\"600\" width=\"900\" alt=\"\" class=\"slider-3036 slide-3956 msDefaultImage\" title=\"INTERFED_181005_050\" \/><\/li>\n                <li style=\"display: none; width: 100%;\" class=\"slide-3957 ms-image \" aria-roledescription=\"slide\" data-date=\"2018-10-08 08:59:18\" data-filename=\"INTERFED_181005_052-900x600.jpg\" data-slide-type=\"image\"><img loading=\"lazy\" decoding=\"async\" src=\"https:\/\/cofradiaslugo.com\/wp-content\/uploads\/INTERFED_181005_052-900x600.jpg\" height=\"600\" width=\"900\" alt=\"\" class=\"slider-3036 slide-3957 msDefaultImage\" title=\"INTERFED_181005_052\" \/><\/li>\n                <li style=\"display: none; width: 100%;\" class=\"slide-3958 ms-image \" aria-roledescription=\"slide\" data-date=\"2018-10-08 08:59:18\" data-filename=\"INTERFED_181005_056-900x600.jpg\" data-slide-type=\"image\"><img loading=\"lazy\" decoding=\"async\" src=\"https:\/\/cofradiaslugo.com\/wp-content\/uploads\/INTERFED_181005_056-900x600.jpg\" height=\"600\" width=\"900\" alt=\"\" class=\"slider-3036 slide-3958 msDefaultImage\" title=\"INTERFED_181005_056\" \/><\/li>\n                <li style=\"display: none; width: 100%;\" class=\"slide-3959 ms-image \" aria-roledescription=\"slide\" data-date=\"2018-10-08 08:59:18\" data-filename=\"INTERFED_181005_057-900x600.jpg\" data-slide-type=\"image\"><img loading=\"lazy\" decoding=\"async\" src=\"https:\/\/cofradiaslugo.com\/wp-content\/uploads\/INTERFED_181005_057-900x600.jpg\" height=\"600\" width=\"900\" alt=\"\" class=\"slider-3036 slide-3959 msDefaultImage\" title=\"INTERFED_181005_057\" \/><\/li>\n                <li style=\"display: none; width: 100%;\" class=\"slide-3960 ms-image \" aria-roledescription=\"slide\" data-date=\"2018-10-08 08:59:19\" data-filename=\"INTERFED_181005_058-900x600.jpg\" data-slide-type=\"image\"><img loading=\"lazy\" decoding=\"async\" src=\"https:\/\/cofradiaslugo.com\/wp-content\/uploads\/INTERFED_181005_058-900x600.jpg\" height=\"600\" width=\"900\" alt=\"\" class=\"slider-3036 slide-3960 msDefaultImage\" title=\"INTERFED_181005_058\" \/><\/li>\n                <li style=\"display: none; width: 100%;\" class=\"slide-3961 ms-image \" aria-roledescription=\"slide\" data-date=\"2018-10-08 08:59:19\" data-filename=\"INTERFED_181005_030-900x600.jpg\" data-slide-type=\"image\"><img loading=\"lazy\" decoding=\"async\" src=\"https:\/\/cofradiaslugo.com\/wp-content\/uploads\/INTERFED_181005_030-900x600.jpg\" height=\"600\" width=\"900\" alt=\"\" class=\"slider-3036 slide-3961 msDefaultImage\" title=\"INTERFED_181005_030\" \/><\/li>\n                <li style=\"display: none; width: 100%;\" class=\"slide-3962 ms-image \" aria-roledescription=\"slide\" data-date=\"2018-10-08 08:59:19\" data-filename=\"INTERFED_181005_032-900x600.jpg\" data-slide-type=\"image\"><img loading=\"lazy\" decoding=\"async\" src=\"https:\/\/cofradiaslugo.com\/wp-content\/uploads\/INTERFED_181005_032-900x600.jpg\" height=\"600\" width=\"900\" alt=\"\" class=\"slider-3036 slide-3962 msDefaultImage\" title=\"INTERFED_181005_032\" \/><\/li>\n            <\/ul>\n        <\/div>\n        \n    <\/div>\n<\/div><br \/>\n<span style=\"font-family: Tuffy; font-size: large;\"><u>ENLACES DEL CONGRESO<\/u><\/span><br \/>\n<span style=\"font-family: Tuffy; font-size: large;\"> <a href=\"http:\/\/cofradiaslugo.com\/wp-content\/uploads\/4INTERFEDERATIVA_CONCLUSIONES2018.pdf\" target=\"blank\">Conclusiones del congreso<\/a><\/span><br \/>\n<span style=\"font-family: Tuffy; font-size: large;\"> <a href=\"http:\/\/cofradiaslugo.com\/wp-content\/uploads\/Congreso-de-Pesca-2018.pdf\" target=\"blank\">Dossier de prensa<\/a><\/span><\/div>\n<div style=\"float: left; width: 95%;\"><span style=\"font-family: Tuffy; font-size: large;\"><br \/>\nManteniendo la din\u00e1mica de anteriores ediciones, en la ma\u00f1ana del viernes se organiz\u00f3 una reuni\u00f3n de trabajo conjunta entre representantes de las Cofrad\u00edas y de las Administraciones pesqueras de Espa\u00f1a y las Comunidades Aut\u00f3nomas del Cant\u00e1brico, en la que particip\u00f3 la Secretaria General de Pesca del Ministerio de Agricultura, Pesca y Alimentaci\u00f3n, Alicia Villauriz Iglesias. En este encuentro los representantes del sector expusieron a las Administraciones las principales conclusiones derivadas del d\u00eda anterior.<\/p>\n<p>La jornada del viernes cont\u00f3 tambi\u00e9n con la asistencia de la Directora Xeral de Pesca, Acuicultura e Innovaci\u00f3n Tecnol\u00f3xica de la Conseller\u00eda do Mar de la Xunta de Galicia, Mercedes Rodr\u00edguez Moreda; el Jefe de Coordinaci\u00f3n da \u00c1rea de Mar en Lugo, Pablo Fern\u00e1ndez Asensio; el Director General de Pesca Mar\u00edtima del Principado de Asturias, Francisco Gonz\u00e1lez Rodr\u00edguez; la Directora de Pesca y Alimentaci\u00f3n de Cantabria, Marta Ana L\u00f3pez; y el Director de Pesca y Acuicultura del Pa\u00eds Vasco, Leandro Azcue. Tambi\u00e9n participaron el presidente de la secci\u00f3n de pesca de la Federaci\u00f3n Europea de Trabajadores del Transporte (ETF), Juan Manuel Trujillo; y el responsable del sector del mar de CCOO Galicia, Ricardo Valeiras Grana.<\/p>\n<p>El concejal del Mar del Concello de Viveiro, Jes\u00fas Fern\u00e1ndez Fern\u00e1ndez, presidi\u00f3 el acto de clausura de este IV Congreso de Pesca Artesanal del Cant\u00e1brico-Noroeste, en el que tambi\u00e9n intervinieron Alicia Villauriz Iglesias (Secretaria General de Pesca del Ministerio de Agricultura, Pesca y Alimentaci\u00f3n), Mercedes Rodr\u00edguez Moreda (Directora Xeral de Pesca de la Xunta de Galicia) y Jos\u00e9 Basilio Otero (Presidente de la Federaci\u00f3n Provincial de Cofrad\u00edas de Lugo y de la Federacion Nacional de Cofrad\u00edas). Tambi\u00e9n asistieron Jos\u00e9 Manuel Balseiro Orol (Delegado Territorial de Lugo de la Xunta de Galicia) y diferentes representantes de las organizaciones de pesca de Lugo, Puerto de Celeiro, Absa Burela, OPP-07 y OPP-77.<br \/>\n<\/span><\/div>\n","protected":false},"excerpt":{"rendered":"<p>La ciudad de Viveiro (Lugo) acogi\u00f3 esta semana la cuarta Interfederativa de Cofrad\u00edas de Pescadores del Cant\u00e1brico Noroeste para reflexionar sobre temas de inter\u00e9s de las flotas artesanales, analizar su situaci\u00f3n actual y los principales retos de futuro. El encuentro, que tuvo lugar en el Hotel Thalasso Cant\u00e1brico durante el jueves 4 y el viernes [&hellip;]<\/p>\n","protected":false},"author":2,"featured_media":0,"parent":0,"menu_order":0,"comment_status":"closed","ping_status":"closed","template":"template-full-width.php","meta":{"footnotes":""},"class_list":["post-3831","page","type-page","status-publish","hentry"],"_links":{"self":[{"href":"https:\/\/cofradiaslugo.com\/gl\/wp-json\/wp\/v2\/pages\/3831","targetHints":{"allow":["GET"]}}],"collection":[{"href":"https:\/\/cofradiaslugo.com\/gl\/wp-json\/wp\/v2\/pages"}],"about":[{"href":"https:\/\/cofradiaslugo.com\/gl\/wp-json\/wp\/v2\/types\/page"}],"author":[{"embeddable":true,"href":"https:\/\/cofradiaslugo.com\/gl\/wp-json\/wp\/v2\/users\/2"}],"replies":[{"embeddable":true,"href":"https:\/\/cofradiaslugo.com\/gl\/wp-json\/wp\/v2\/comments?post=3831"}],"version-history":[{"count":9,"href":"https:\/\/cofradiaslugo.com\/gl\/wp-json\/wp\/v2\/pages\/3831\/revisions"}],"predecessor-version":[{"id":4003,"href":"https:\/\/cofradiaslugo.com\/gl\/wp-json\/wp\/v2\/pages\/3831\/revisions\/4003"}],"wp:attachment":[{"href":"https:\/\/cofradiaslugo.com\/gl\/wp-json\/wp\/v2\/media?parent=3831"}],"curies":[{"name":"wp","href":"https:\/\/api.w.org\/{rel}","templated":true}]}}