{"id":994,"date":"2015-11-12T18:21:08","date_gmt":"2015-11-12T17:21:08","guid":{"rendered":"http:\/\/cofradiaslugo.com\/?page_id=994"},"modified":"2022-01-05T13:04:45","modified_gmt":"2022-01-05T12:04:45","slug":"aviso-legal","status":"publish","type":"page","link":"https:\/\/cofradiaslugo.com\/gl\/aviso-legal\/","title":{"rendered":"Aviso Legal"},"content":{"rendered":"<p><strong>TERMOS LEGAIS DO PORTAL FEDERACION PROVINCIAL DE COFRADIAS DE PESCADORES DE LUGO<\/strong><\/p>\n<p>De acordo co establecido pola normativa de Protecci\u00f3n de Datos de Car\u00e1cter Persoal, inform\u00e1moslle que est\u00e1 a facilitar os seus datos de car\u00e1cter persoal ao Responsable de Tratamento: FEDERACION PROVINCIAL DE COFRADIAS DE PESCADORES DE LUGO (en diante A ORGANIZACI\u00d3N), con direcci\u00f3n en PORTO PESQUEIRO S\/n 27880 BURELA e correo electr\u00f3nico info@cofradiaslugo.com<\/p>\n<p><strong>1. Finalidade do tratamento Os datos recompilados ser\u00e1n unicamente os detallados no formulario de contacto, as\u00ed como aqueles que vostede mesmo facil\u00edtenos nos apartado \u201cComentarios\u201d.<\/strong><\/p>\n<p>A ORGANIZACI\u00d3N poder\u00e1 tratar os seus datos de car\u00e1cter persoal de acordo coas seguintes finalidades:<\/p>\n<p>\u2022 Xestionar a s\u00faa navegaci\u00f3n a trav\u00e9s do Sitio web.<\/p>\n<p>\u2022 Xestionar o servizo de Atenci\u00f3n ao Cliente, para dar resposta \u00e1s d\u00fabidas, queixas, comentarios ou inquietudes que poida ter relativas \u00e1 informaci\u00f3n inclu\u00edda no Sitio web, as\u00ed como calquera outras consultas que poida ter.<\/p>\n<p>\u2022 Xestionar o cumprimento, mantemento, desenvolvemento e control de calquera relaci\u00f3ns que a ORGANIZACI\u00d3N mante\u00f1a con vostede.<\/p>\n<p>O feito de non facilitar certa informaci\u00f3n sinalada como obrigatoria, pode conlevar que non sexa posible xestionar a s\u00faa petici\u00f3n a trav\u00e9s do formulario de contacto. No caso de que nos achegue Datos Persoais de terceiros, vostede responsabil\u00edzase de informar e obter o consentimento destes para ser achegados coas finalidades indicadas nos apartados correspondentes da presente Pol\u00edtica de Privacidade e Cookies.<\/p>\n<p><strong>2. Lexitimaci\u00f3n do tratamento dos seus datos de car\u00e1cter persoal<\/strong><\/p>\n<p>A lexitimaci\u00f3n bas\u00e9ase no consentimento outorgado por vostede ao po\u00f1erse en contacto connosco e solicitar informaci\u00f3n referente \u00e1 organizaci\u00f3n.<\/p>\n<p><strong>3. Destinatarios de cesi\u00f3ns <\/strong><\/p>\n<p>Non cederemos os seus datos a terceiros.<\/p>\n<p><strong>4. Dereitos<\/strong><\/p>\n<p>Por \u00faltimo, inform\u00e1moslle dos seus dereitos en materia de protecci\u00f3n de datos.<\/p>\n<p>\u2013 Dereito a solicitar o acceso aos seus datos persoais.<\/p>\n<p>\u2013 Dereito a solicitar a s\u00faa rectificaci\u00f3n ou supresi\u00f3n (dereito ao esquecemento).<\/p>\n<p>\u2013 Dereito a solicitar a limitaci\u00f3n do seu tratamento, e a opo\u00f1erse ao tratamento.<\/p>\n<p>\u2013 Dereito \u00e1 portabilidad dos datos. \u2013 Dereito \u00e1 retirada de consentimento.<\/p>\n<p>&nbsp;<\/p>\n<p>Para exercer os seus dereitos non ten m\u00e1is que realizar unha solicitude por escrito e acompa\u00f1ala dunha copia do seu DNI.<\/p>\n<p>FEDERACION PROVINCIAL DE COFRADIAS DE PESCADORES DE LUGO disp\u00f3n de formularios adecuados respecto diso. Non ten m\u00e1is que solicitalos ou ben presentar o seu propio escrito en info@cofradiaslugo.com.<\/p>\n<p><strong>5. Medidas de seguridade<\/strong><\/p>\n<p>FEDERACION PROVINCIAL DE COFRADIAS DE PESCADORES DE LUGO ten implantadas as medidas t\u00e9cnicas e organizativas necesarias para garantir a seguridade dos seus datos de car\u00e1cter persoal e evitar a s\u00faa alteraci\u00f3n, a perda e o tratamento e\/ou o acceso non autorizado, @teniendo en cuenta o estado da tecnolox\u00eda, a natureza dos datos almacenados e os riscos provenientes da acci\u00f3n humana ou do medio f\u00edsico e natural a que est\u00e1n expostas.<\/p>","protected":false},"excerpt":{"rendered":"<p>TERMOS LEGAIS DO PORTAL FEDERACION PROVINCIAL DE COFRADIAS DE PESCADORES DE LUGO De acordo co establecido pola normativa de Protecci\u00f3n de Datos de Car\u00e1cter Persoal, inform\u00e1moslle que est\u00e1 a facilitar os seus datos de car\u00e1cter persoal ao Responsable de Tratamento: FEDERACION PROVINCIAL DE COFRADIAS DE PESCADORES DE LUGO (en diante A ORGANIZACI\u00d3N), con direcci\u00f3n en [&hellip;]<\/p>\n","protected":false},"author":2,"featured_media":0,"parent":0,"menu_order":0,"comment_status":"closed","ping_status":"closed","template":"","meta":{"footnotes":""},"class_list":["post-994","page","type-page","status-publish","hentry"],"_links":{"self":[{"href":"https:\/\/cofradiaslugo.com\/gl\/wp-json\/wp\/v2\/pages\/994","targetHints":{"allow":["GET"]}}],"collection":[{"href":"https:\/\/cofradiaslugo.com\/gl\/wp-json\/wp\/v2\/pages"}],"about":[{"href":"https:\/\/cofradiaslugo.com\/gl\/wp-json\/wp\/v2\/types\/page"}],"author":[{"embeddable":true,"href":"https:\/\/cofradiaslugo.com\/gl\/wp-json\/wp\/v2\/users\/2"}],"replies":[{"embeddable":true,"href":"https:\/\/cofradiaslugo.com\/gl\/wp-json\/wp\/v2\/comments?post=994"}],"version-history":[{"count":8,"href":"https:\/\/cofradiaslugo.com\/gl\/wp-json\/wp\/v2\/pages\/994\/revisions"}],"predecessor-version":[{"id":4987,"href":"https:\/\/cofradiaslugo.com\/gl\/wp-json\/wp\/v2\/pages\/994\/revisions\/4987"}],"wp:attachment":[{"href":"https:\/\/cofradiaslugo.com\/gl\/wp-json\/wp\/v2\/media?parent=994"}],"curies":[{"name":"wp","href":"https:\/\/api.w.org\/{rel}","templated":true}]}}